{"id":2,"date":"2016-05-10T03:48:21","date_gmt":"2016-05-10T03:48:21","guid":{"rendered":"https:\/\/serwiszieleni.przeworsk.pl\/?page_id=2"},"modified":"2025-05-19T08:05:40","modified_gmt":"2025-05-19T08:05:40","slug":"sample-page","status":"publish","type":"page","link":"https:\/\/serwiszieleni.przeworsk.pl\/","title":{"rendered":"Strona G\u0142\u00f3wna"},"content":{"rendered":"\n<div class=\"wp-block-cover alignfull\" style=\"min-height:400px;aspect-ratio:unset;\"><img decoding=\"async\" class=\"wp-block-cover__image-background\" alt=\"\" src=\"https:\/\/example.com\/hero-image.jpg\" data-object-fit=\"cover\"\/><span aria-hidden=\"true\" class=\"wp-block-cover__background has-background-dim\"><\/span><div class=\"wp-block-cover__inner-container is-layout-flow wp-block-cover-is-layout-flow\">\n<h1 class=\"wp-block-heading has-text-align-center has-white-color\">Serwis Zieleni Przeworsk \u2013 Koszenie trawnik\u00f3w z precyzj\u0105 i estetyk\u0105!<\/h1>\n\n\n\n<p class=\"has-text-align-center has-white-color\">Profesjonalne koszenie trawnik\u00f3w w Przeworsku i okolicach. Oblicz koszt online!<\/p>\n\n\n\n<div class=\"wp-block-buttons is-content-justification-center is-layout-flex wp-container-core-buttons-is-layout-a89b3969 wp-block-buttons-is-layout-flex\">\n<div class=\"wp-block-button\"><a class=\"wp-block-button__link has-white-color has-vivid-green-cyan-background-color has-text-color has-background wp-element-button\" href=\"\/wycena\" style=\"border-radius:5px\">Oblicz koszt<\/a><\/div>\n<\/div>\n<\/div><\/div>\n\n\n\n<div style=\"height:40px\" aria-hidden=\"true\" class=\"wp-block-spacer\"><\/div>\n\n\n\n<div class=\"wp-block-group alignwide is-layout-constrained wp-block-group-is-layout-constrained\">\n<h2 class=\"wp-block-heading has-text-align-center\">Witamy w Serwis Zieleni Przeworsk!<\/h2>\n\n\n\n<p class=\"has-text-align-center\">Oferujemy profesjonalne koszenie trawnik\u00f3w, wyka\u0144czanie kraw\u0119dzi przy kostce, obs\u0142ug\u0119 nieu\u017cytk\u00f3w oraz zbieranie i wyw\u00f3z trawy. Dzia\u0142amy w Przeworsku, Radymnie, Jaros\u0142awiu i okolicach, zapewniaj\u0105c estetyczne ogrody i konkurencyjne ceny. Skorzystaj z naszego kalkulatora online i zam\u00f3w us\u0142ug\u0119 ju\u017c dzi\u015b!<\/p>\n\n\n\n<div class=\"wp-block-buttons is-content-justification-center is-layout-flex wp-container-core-buttons-is-layout-a89b3969 wp-block-buttons-is-layout-flex\">\n<div class=\"wp-block-button\"><a class=\"wp-block-button__link has-white-color has-vivid-green-cyan-background-color has-text-color has-background wp-element-button\" href=\"\/wycena\" style=\"border-radius:5px\">Sprawd\u017a wycen\u0119<\/a><\/div>\n<\/div>\n<\/div>\n\n\n\n<div style=\"height:40px\" aria-hidden=\"true\" class=\"wp-block-spacer\"><\/div>\n\n\n\n<div class=\"wp-block-group alignwide is-layout-constrained wp-block-group-is-layout-constrained\">\n<h2 class=\"wp-block-heading has-text-align-center\">Nasze ceny<\/h2>\n\n\n\n<figure class=\"wp-block-table aligncenter\"><table><tbody><tr><td>Koszenie trawnika<\/td><td>0,65 z\u0142\/m\u00b2 (w cenie podstawowe wyka\u0144czanie kraw\u0119dzi)<\/td><\/tr><tr><td>Precyzyjne wyka\u0144czanie kraw\u0119dzi<\/td><td>+0,15 z\u0142\/m\u00b2<\/td><\/tr><tr><td>Koszenie wysokiej trawy<\/td><td>1,10 z\u0142\/m\u00b2<\/td><\/tr><tr><td>Koszenie nieu\u017cytk\u00f3w<\/td><td>1,40 z\u0142\/m\u00b2<\/td><\/tr><tr><td>Wyw\u00f3z trawy<\/td><td>0,30 z\u0142\/m\u00b2 lub 40\u201380 z\u0142\/zlecenie<\/td><\/tr><tr><td>Dojazd<\/td><td>Przeworsk: 10 z\u0142, okolice: 15 z\u0142, powy\u017cej 10 km: 1,5 z\u0142\/km<\/td><\/tr><\/tbody><\/table><\/figure>\n<\/div>\n\n\n\n<div style=\"height:40px\" aria-hidden=\"true\" class=\"wp-block-spacer\"><\/div>\n\n\n\n<div class=\"wp-block-group alignwide is-layout-constrained wp-block-group-is-layout-constrained\">\n<h2 class=\"wp-block-heading has-text-align-center\">Dlaczego wybra\u0107 Serwis Zieleni Przeworsk?<\/h2>\n\n\n\n<div class=\"wp-block-columns is-layout-flex wp-container-core-columns-is-layout-28f84493 wp-block-columns-is-layout-flex\">\n<div class=\"wp-block-column is-layout-flow wp-block-column-is-layout-flow\">\n<figure class=\"wp-block-image aligncenter size-thumbnail\"><img decoding=\"async\" src=\"https:\/\/example.com\/precision.jpg\" alt=\"Precyzja koszenia\"\/><\/figure>\n\n\n\n<h3 class=\"wp-block-heading has-text-align-center\">Precyzja i estetyka<\/h3>\n\n\n\n<p class=\"has-text-align-center\">Koszenie z wyka\u0144czaniem kraw\u0119dzi przy kostce i obrze\u017cach dla idealnego efektu.<\/p>\n<\/div>\n\n\n\n<div class=\"wp-block-column is-layout-flow wp-block-column-is-layout-flow\">\n<figure class=\"wp-block-image aligncenter size-thumbnail\"><img decoding=\"async\" src=\"https:\/\/example.com\/calculator.jpg\" alt=\"Kalkulator online\"\/><\/figure>\n\n\n\n<h3 class=\"wp-block-heading has-text-align-center\">Szybka wycena online<\/h3>\n\n\n\n<p class=\"has-text-align-center\">Oblicz koszt w 30 sekund dzi\u0119ki naszemu kalkulatorowi.<\/p>\n<\/div>\n\n\n\n<div class=\"wp-block-column is-layout-flow wp-block-column-is-layout-flow\">\n<figure class=\"wp-block-image aligncenter size-thumbnail\"><img decoding=\"async\" src=\"https:\/\/example.com\/local.jpg\" alt=\"Lokalna firma\"\/><\/figure>\n\n\n\n<h3 class=\"wp-block-heading has-text-align-center\">Lokalna firma<\/h3>\n\n\n\n<p class=\"has-text-align-center\">Dzia\u0142amy w Przeworsku i okolicach, znamy Twoje potrzeby.<\/p>\n<\/div>\n<\/div>\n<\/div>\n\n\n\n<div style=\"height:40px\" aria-hidden=\"true\" class=\"wp-block-spacer\"><\/div>\n\n\n\n<div class=\"wp-block-group alignwide is-layout-constrained wp-block-group-is-layout-constrained\">\n<h2 class=\"wp-block-heading has-text-align-center\">Skontaktuj si\u0119 z nami!<\/h2>\n\n\n\n<p class=\"has-text-align-center\">Zam\u00f3w koszenie trawnika w Przeworsku ju\u017c dzi\u015b. Wype\u0142nij formularz lub zadzwo\u0144!<\/p>\n\n\n<p>[contact-form-7 id=&#8221;123&#8243; title=&#8221;Formularz kontaktowy&#8221;]<\/p>\n<\/div>\n","protected":false},"excerpt":{"rendered":"<p>Witamy w Serwis Zieleni Przeworsk! Oferujemy profesjonalne koszenie trawnik\u00f3w, wyka\u0144czanie kraw\u0119dzi przy kostce, obs\u0142ug\u0119 nieu\u017cytk\u00f3w oraz zbieranie i wyw\u00f3z trawy. Dzia\u0142amy w Przeworsku, Radymnie, Jaros\u0142awiu i okolicach, zapewniaj\u0105c estetyczne ogrody i konkurencyjne ceny. Skorzystaj z naszego kalkulatora online i zam\u00f3w us\u0142ug\u0119 ju\u017c dzi\u015b! Nasze ceny Koszenie trawnika 0,65 z\u0142\/m\u00b2 (w cenie podstawowe wyka\u0144czanie kraw\u0119dzi) Precyzyjne [&hellip;]<\/p>\n","protected":false},"author":1,"featured_media":0,"parent":0,"menu_order":0,"comment_status":"closed","ping_status":"open","template":"","meta":{"footnotes":""},"class_list":["post-2","page","type-page","status-publish","hentry"],"_links":{"self":[{"href":"https:\/\/serwiszieleni.przeworsk.pl\/index.php?rest_route=\/wp\/v2\/pages\/2","targetHints":{"allow":["GET"]}}],"collection":[{"href":"https:\/\/serwiszieleni.przeworsk.pl\/index.php?rest_route=\/wp\/v2\/pages"}],"about":[{"href":"https:\/\/serwiszieleni.przeworsk.pl\/index.php?rest_route=\/wp\/v2\/types\/page"}],"author":[{"embeddable":true,"href":"https:\/\/serwiszieleni.przeworsk.pl\/index.php?rest_route=\/wp\/v2\/users\/1"}],"replies":[{"embeddable":true,"href":"https:\/\/serwiszieleni.przeworsk.pl\/index.php?rest_route=%2Fwp%2Fv2%2Fcomments&post=2"}],"version-history":[{"count":3,"href":"https:\/\/serwiszieleni.przeworsk.pl\/index.php?rest_route=\/wp\/v2\/pages\/2\/revisions"}],"predecessor-version":[{"id":34,"href":"https:\/\/serwiszieleni.przeworsk.pl\/index.php?rest_route=\/wp\/v2\/pages\/2\/revisions\/34"}],"wp:attachment":[{"href":"https:\/\/serwiszieleni.przeworsk.pl\/index.php?rest_route=%2Fwp%2Fv2%2Fmedia&parent=2"}],"curies":[{"name":"wp","href":"https:\/\/api.w.org\/{rel}","templated":true}]}}